{"id":19,"date":"2024-11-27T10:05:17","date_gmt":"2024-11-27T10:05:17","guid":{"rendered":"https:\/\/palazzo-saloni.ms2.decms.eu\/?page_id=19"},"modified":"2024-12-06T14:51:23","modified_gmt":"2024-12-06T14:51:23","slug":"bb-palazzo-saloni","status":"publish","type":"page","link":"https:\/\/www.palazzosalonivenezia.it\/fr\/","title":{"rendered":"B&#038;B Palazzo Saloni"},"content":{"rendered":"<p style=\"text-align: center;\"><strong>Palazzo Saloni<\/strong> est un petit et charmant B&amp;B familial situ\u00e9 en plein c\u0153ur de Venise, dans un quartier central mais \u00e0 l&rsquo;\u00e9cart des foules touristiques. Install\u00e9 dans une maison historique du XIXe si\u00e8cle, il offre une atmosph\u00e8re intime et authentique, o\u00f9 le confort se m\u00eale au bon go\u00fbt.<\/p>\n<p style=\"text-align: center;\">Le quartier est calme et silencieux, id\u00e9al pour ceux qui recherchent un moment de paix, tout en \u00e9tant proche des mus\u00e9es importants et des petites boutiques d&rsquo;artistes. \u00c0 quelques pas, vous trouverez l&rsquo;une des promenades les plus pittoresques de la ville, les Fondamenta Zattere, avec des restaurants et des terrasses surplombant le magnifique canal de la Giudecca.<\/p>\n<p style=\"text-align: center;\">Dans notre maison, vous ne trouverez pas de luxe, mais une \u00e9l\u00e9gance sobre, de l&rsquo;intimit\u00e9 et du silence, l&rsquo;environnement id\u00e9al pour ceux qui d\u00e9sirent vivre une exp\u00e9rience dans une v\u00e9ritable demeure v\u00e9nitienne.<\/p>\n<p>&nbsp;<\/p>\n","protected":false},"excerpt":{"rendered":"<p>Palazzo Saloni est un petit et charmant B&amp;B familial situ\u00e9 en plein c\u0153ur de Venise, dans un quartier central mais \u00e0 l&rsquo;\u00e9cart des foules touristiques. Install\u00e9 dans une maison historique du XIXe si\u00e8cle, il offre une atmosph\u00e8re intime et authentique, o\u00f9 le confort se m\u00eale au bon go\u00fbt. Le quartier est calme et silencieux, id\u00e9al [&hellip;]<\/p>\n","protected":false},"author":199,"featured_media":0,"parent":0,"menu_order":0,"comment_status":"closed","ping_status":"closed","template":"","meta":{"footnotes":""},"class_list":["post-19","page","type-page","status-publish","hentry"],"yoast_head":"<!-- This site is optimized with the Yoast SEO plugin v27.3 - https:\/\/yoast.com\/product\/yoast-seo-wordpress\/ -->\n<title>B&amp;B Palazzo Saloni - Palazzo Saloni -<\/title>\n<meta name=\"description\" content=\"Palazzo Saloni est un petit et charmant B&amp;B familial situ\u00e9 en plein c\u0153ur de Venise, dans un quartier central mais \u00e0 l&#039;\u00e9cart des foules touristiques. Install\u00e9 dans une maison historique du XIXe si\u00e8cle, il offre une atmosph\u00e8re intime et authentique, o\u00f9 le confort se m\u00eale au bon go\u00fbt. Le quartier est calme et silencieux, id\u00e9al pour ceux qui recherchent un moment de paix, tout en \u00e9tant proche des mus\u00e9es importants et des petites boutiques d&#039;artistes\" \/>\n<meta name=\"robots\" content=\"index, follow, max-snippet:-1, max-image-preview:large, max-video-preview:-1\" \/>\n<link rel=\"canonical\" href=\"https:\/\/www.palazzosalonivenezia.it\/fr\/\" \/>\n<meta property=\"og:locale\" content=\"fr_FR\" \/>\n<meta property=\"og:type\" content=\"article\" \/>\n<meta property=\"og:title\" content=\"B&amp;B Palazzo Saloni - Palazzo Saloni -\" \/>\n<meta property=\"og:description\" content=\"Palazzo Saloni est un petit et charmant B&amp;B familial situ\u00e9 en plein c\u0153ur de Venise, dans un quartier central mais \u00e0 l&#039;\u00e9cart des foules touristiques. Install\u00e9 dans une maison historique du XIXe si\u00e8cle, il offre une atmosph\u00e8re intime et authentique, o\u00f9 le confort se m\u00eale au bon go\u00fbt. Le quartier est calme et silencieux, id\u00e9al pour ceux qui recherchent un moment de paix, tout en \u00e9tant proche des mus\u00e9es importants et des petites boutiques d&#039;artistes\" \/>\n<meta property=\"og:url\" content=\"https:\/\/www.palazzosalonivenezia.it\/fr\/\" \/>\n<meta property=\"og:site_name\" content=\"Palazzo Saloni\" \/>\n<meta property=\"article:modified_time\" content=\"2024-12-06T14:51:23+00:00\" \/>\n<meta name=\"twitter:card\" content=\"summary_large_image\" \/>\n<meta name=\"twitter:label1\" content=\"Dur\u00e9e de lecture estim\u00e9e\" \/>\n\t<meta name=\"twitter:data1\" content=\"1 minute\" \/>\n<script type=\"application\/ld+json\" class=\"yoast-schema-graph\">{\"@context\":\"https:\\\/\\\/schema.org\",\"@graph\":[{\"@type\":\"WebPage\",\"@id\":\"https:\\\/\\\/www.palazzosalonivenezia.it\\\/fr\\\/\",\"url\":\"https:\\\/\\\/www.palazzosalonivenezia.it\\\/fr\\\/\",\"name\":\"B&B Palazzo Saloni - Palazzo Saloni -\",\"isPartOf\":{\"@id\":\"https:\\\/\\\/www.palazzosalonivenezia.it\\\/fr\\\/#website\"},\"datePublished\":\"2024-11-27T10:05:17+00:00\",\"dateModified\":\"2024-12-06T14:51:23+00:00\",\"description\":\"Palazzo Saloni est un petit et charmant B&amp;B familial situ\u00e9 en plein c\u0153ur de Venise, dans un quartier central mais \u00e0 l'\u00e9cart des foules touristiques. Install\u00e9 dans une maison historique du XIXe si\u00e8cle, il offre une atmosph\u00e8re intime et authentique, o\u00f9 le confort se m\u00eale au bon go\u00fbt. Le quartier est calme et silencieux, id\u00e9al pour ceux qui recherchent un moment de paix, tout en \u00e9tant proche des mus\u00e9es importants et des petites boutiques d'artistes\",\"breadcrumb\":{\"@id\":\"https:\\\/\\\/www.palazzosalonivenezia.it\\\/fr\\\/#breadcrumb\"},\"inLanguage\":\"fr-FR\",\"potentialAction\":[{\"@type\":\"ReadAction\",\"target\":[\"https:\\\/\\\/www.palazzosalonivenezia.it\\\/fr\\\/\"]}]},{\"@type\":\"BreadcrumbList\",\"@id\":\"https:\\\/\\\/www.palazzosalonivenezia.it\\\/fr\\\/#breadcrumb\",\"itemListElement\":[{\"@type\":\"ListItem\",\"position\":1,\"name\":\"Home\",\"item\":\"https:\\\/\\\/www.palazzosalonivenezia.it\\\/fr\\\/\"},{\"@type\":\"ListItem\",\"position\":2,\"name\":\"B&#038;B Palazzo Saloni\"}]},{\"@type\":\"WebSite\",\"@id\":\"https:\\\/\\\/www.palazzosalonivenezia.it\\\/fr\\\/#website\",\"url\":\"https:\\\/\\\/www.palazzosalonivenezia.it\\\/fr\\\/\",\"name\":\"Palazzo Saloni\",\"description\":\"\",\"publisher\":{\"@id\":\"https:\\\/\\\/www.palazzosalonivenezia.it\\\/fr\\\/#organization\"},\"potentialAction\":[{\"@type\":\"SearchAction\",\"target\":{\"@type\":\"EntryPoint\",\"urlTemplate\":\"https:\\\/\\\/www.palazzosalonivenezia.it\\\/fr\\\/?s={search_term_string}\"},\"query-input\":{\"@type\":\"PropertyValueSpecification\",\"valueRequired\":true,\"valueName\":\"search_term_string\"}}],\"inLanguage\":\"fr-FR\"},{\"@type\":\"Organization\",\"@id\":\"https:\\\/\\\/www.palazzosalonivenezia.it\\\/fr\\\/#organization\",\"name\":\"Palazzo Saloni\",\"url\":\"https:\\\/\\\/www.palazzosalonivenezia.it\\\/fr\\\/\",\"logo\":{\"@type\":\"ImageObject\",\"inLanguage\":\"fr-FR\",\"@id\":\"https:\\\/\\\/www.palazzosalonivenezia.it\\\/fr\\\/#\\\/schema\\\/logo\\\/image\\\/\",\"url\":\"https:\\\/\\\/www.palazzosalonivenezia.it\\\/wp-content\\\/uploads\\\/sites\\\/188\\\/2024\\\/11\\\/palazzo_saloni_logo_c2.svg\",\"contentUrl\":\"https:\\\/\\\/www.palazzosalonivenezia.it\\\/wp-content\\\/uploads\\\/sites\\\/188\\\/2024\\\/11\\\/palazzo_saloni_logo_c2.svg\",\"width\":386,\"height\":465,\"caption\":\"Palazzo Saloni\"},\"image\":{\"@id\":\"https:\\\/\\\/www.palazzosalonivenezia.it\\\/fr\\\/#\\\/schema\\\/logo\\\/image\\\/\"}}]}<\/script>\n<!-- \/ Yoast SEO plugin. -->","yoast_head_json":{"title":"B&B Palazzo Saloni - Palazzo Saloni -","description":"Palazzo Saloni est un petit et charmant B&amp;B familial situ\u00e9 en plein c\u0153ur de Venise, dans un quartier central mais \u00e0 l'\u00e9cart des foules touristiques. Install\u00e9 dans une maison historique du XIXe si\u00e8cle, il offre une atmosph\u00e8re intime et authentique, o\u00f9 le confort se m\u00eale au bon go\u00fbt. Le quartier est calme et silencieux, id\u00e9al pour ceux qui recherchent un moment de paix, tout en \u00e9tant proche des mus\u00e9es importants et des petites boutiques d'artistes","robots":{"index":"index","follow":"follow","max-snippet":"max-snippet:-1","max-image-preview":"max-image-preview:large","max-video-preview":"max-video-preview:-1"},"canonical":"https:\/\/www.palazzosalonivenezia.it\/fr\/","og_locale":"fr_FR","og_type":"article","og_title":"B&B Palazzo Saloni - Palazzo Saloni -","og_description":"Palazzo Saloni est un petit et charmant B&amp;B familial situ\u00e9 en plein c\u0153ur de Venise, dans un quartier central mais \u00e0 l'\u00e9cart des foules touristiques. Install\u00e9 dans une maison historique du XIXe si\u00e8cle, il offre une atmosph\u00e8re intime et authentique, o\u00f9 le confort se m\u00eale au bon go\u00fbt. Le quartier est calme et silencieux, id\u00e9al pour ceux qui recherchent un moment de paix, tout en \u00e9tant proche des mus\u00e9es importants et des petites boutiques d'artistes","og_url":"https:\/\/www.palazzosalonivenezia.it\/fr\/","og_site_name":"Palazzo Saloni","article_modified_time":"2024-12-06T14:51:23+00:00","twitter_card":"summary_large_image","twitter_misc":{"Dur\u00e9e de lecture estim\u00e9e":"1 minute"},"schema":{"@context":"https:\/\/schema.org","@graph":[{"@type":"WebPage","@id":"https:\/\/www.palazzosalonivenezia.it\/fr\/","url":"https:\/\/www.palazzosalonivenezia.it\/fr\/","name":"B&B Palazzo Saloni - Palazzo Saloni -","isPartOf":{"@id":"https:\/\/www.palazzosalonivenezia.it\/fr\/#website"},"datePublished":"2024-11-27T10:05:17+00:00","dateModified":"2024-12-06T14:51:23+00:00","description":"Palazzo Saloni est un petit et charmant B&amp;B familial situ\u00e9 en plein c\u0153ur de Venise, dans un quartier central mais \u00e0 l'\u00e9cart des foules touristiques. Install\u00e9 dans une maison historique du XIXe si\u00e8cle, il offre une atmosph\u00e8re intime et authentique, o\u00f9 le confort se m\u00eale au bon go\u00fbt. Le quartier est calme et silencieux, id\u00e9al pour ceux qui recherchent un moment de paix, tout en \u00e9tant proche des mus\u00e9es importants et des petites boutiques d'artistes","breadcrumb":{"@id":"https:\/\/www.palazzosalonivenezia.it\/fr\/#breadcrumb"},"inLanguage":"fr-FR","potentialAction":[{"@type":"ReadAction","target":["https:\/\/www.palazzosalonivenezia.it\/fr\/"]}]},{"@type":"BreadcrumbList","@id":"https:\/\/www.palazzosalonivenezia.it\/fr\/#breadcrumb","itemListElement":[{"@type":"ListItem","position":1,"name":"Home","item":"https:\/\/www.palazzosalonivenezia.it\/fr\/"},{"@type":"ListItem","position":2,"name":"B&#038;B Palazzo Saloni"}]},{"@type":"WebSite","@id":"https:\/\/www.palazzosalonivenezia.it\/fr\/#website","url":"https:\/\/www.palazzosalonivenezia.it\/fr\/","name":"Palazzo Saloni","description":"","publisher":{"@id":"https:\/\/www.palazzosalonivenezia.it\/fr\/#organization"},"potentialAction":[{"@type":"SearchAction","target":{"@type":"EntryPoint","urlTemplate":"https:\/\/www.palazzosalonivenezia.it\/fr\/?s={search_term_string}"},"query-input":{"@type":"PropertyValueSpecification","valueRequired":true,"valueName":"search_term_string"}}],"inLanguage":"fr-FR"},{"@type":"Organization","@id":"https:\/\/www.palazzosalonivenezia.it\/fr\/#organization","name":"Palazzo Saloni","url":"https:\/\/www.palazzosalonivenezia.it\/fr\/","logo":{"@type":"ImageObject","inLanguage":"fr-FR","@id":"https:\/\/www.palazzosalonivenezia.it\/fr\/#\/schema\/logo\/image\/","url":"https:\/\/www.palazzosalonivenezia.it\/wp-content\/uploads\/sites\/188\/2024\/11\/palazzo_saloni_logo_c2.svg","contentUrl":"https:\/\/www.palazzosalonivenezia.it\/wp-content\/uploads\/sites\/188\/2024\/11\/palazzo_saloni_logo_c2.svg","width":386,"height":465,"caption":"Palazzo Saloni"},"image":{"@id":"https:\/\/www.palazzosalonivenezia.it\/fr\/#\/schema\/logo\/image\/"}}]}},"acf":[],"_links":{"self":[{"href":"https:\/\/www.palazzosalonivenezia.it\/fr\/wp-json\/wp\/v2\/pages\/19","targetHints":{"allow":["GET"]}}],"collection":[{"href":"https:\/\/www.palazzosalonivenezia.it\/fr\/wp-json\/wp\/v2\/pages"}],"about":[{"href":"https:\/\/www.palazzosalonivenezia.it\/fr\/wp-json\/wp\/v2\/types\/page"}],"author":[{"embeddable":true,"href":"https:\/\/www.palazzosalonivenezia.it\/fr\/wp-json\/wp\/v2\/users\/199"}],"replies":[{"embeddable":true,"href":"https:\/\/www.palazzosalonivenezia.it\/fr\/wp-json\/wp\/v2\/comments?post=19"}],"version-history":[{"count":0,"href":"https:\/\/www.palazzosalonivenezia.it\/fr\/wp-json\/wp\/v2\/pages\/19\/revisions"}],"wp:attachment":[{"href":"https:\/\/www.palazzosalonivenezia.it\/fr\/wp-json\/wp\/v2\/media?parent=19"}],"curies":[{"name":"wp","href":"https:\/\/api.w.org\/{rel}","templated":true}]}}